{"id":2342,"date":"2023-01-05T08:57:43","date_gmt":"2023-01-05T08:57:43","guid":{"rendered":"https:\/\/buscostadelsol.com\/?page_id=2342"},"modified":"2023-01-05T09:00:32","modified_gmt":"2023-01-05T09:00:32","slug":"rechtshinweis","status":"publish","type":"page","link":"https:\/\/buscostadelsol.com\/de\/aviso-legal\/","title":{"rendered":"Rechtlicher Hinweis"},"content":{"rendered":"<div data-elementor-type=\"wp-page\" data-elementor-id=\"2342\" class=\"elementor elementor-2342\" data-elementor-post-type=\"page\">\n\t\t\t\t\t\t<section class=\"elementor-section elementor-top-section elementor-element elementor-element-9dc6b5f elementor-section-boxed elementor-section-height-default elementor-section-height-default\" data-id=\"9dc6b5f\" data-element_type=\"section\" data-e-type=\"section\" data-settings=\"{&quot;background_background&quot;:&quot;classic&quot;}\">\n\t\t\t\t\t\t\t<div class=\"elementor-background-overlay\"><\/div>\n\t\t\t\t\t\t\t<div class=\"elementor-container elementor-column-gap-default\">\n\t\t\t\t\t<div class=\"elementor-column elementor-col-50 elementor-top-column elementor-element elementor-element-c54f88c\" data-id=\"c54f88c\" data-element_type=\"column\" data-e-type=\"column\">\n\t\t\t<div class=\"elementor-widget-wrap elementor-element-populated\">\n\t\t\t\t\t\t<div class=\"elementor-element elementor-element-d89ca50 elementor-widget elementor-widget-heading\" data-id=\"d89ca50\" data-element_type=\"widget\" data-e-type=\"widget\" data-widget_type=\"heading.default\">\n\t\t\t\t<div class=\"elementor-widget-container\">\n\t\t\t\t\t<h2 class=\"elementor-heading-title elementor-size-default\">Rechtlicher Hinweis<\/h2>\t\t\t\t<\/div>\n\t\t\t\t<\/div>\n\t\t\t\t\t<\/div>\n\t\t<\/div>\n\t\t\t\t<div class=\"elementor-column elementor-col-50 elementor-top-column elementor-element elementor-element-17445c1\" data-id=\"17445c1\" data-element_type=\"column\" data-e-type=\"column\">\n\t\t\t<div class=\"elementor-widget-wrap elementor-element-populated\">\n\t\t\t\t\t\t<div class=\"elementor-element elementor-element-451d611 elementor-icon-list--layout-inline elementor-align-end elementor-mobile-align-center elementor-list-item-link-full_width elementor-widget elementor-widget-icon-list\" data-id=\"451d611\" data-element_type=\"widget\" data-e-type=\"widget\" data-widget_type=\"icon-list.default\">\n\t\t\t\t<div class=\"elementor-widget-container\">\n\t\t\t\t\t\t\t<ul class=\"elementor-icon-list-items elementor-inline-items\">\n\t\t\t\t\t\t\t<li class=\"elementor-icon-list-item elementor-inline-item\">\n\t\t\t\t\t\t\t\t\t\t\t<a href=\"https:\/\/buscostadelsol.com\/de\">\n\n\t\t\t\t\t\t\t\t\t\t\t<span class=\"elementor-icon-list-text\">Startseite<\/span>\n\t\t\t\t\t\t\t\t\t\t\t<\/a>\n\t\t\t\t\t\t\t\t\t<\/li>\n\t\t\t\t\t\t\t\t<li class=\"elementor-icon-list-item elementor-inline-item\">\n\t\t\t\t\t\t\t\t\t\t\t<span class=\"elementor-icon-list-icon\">\n\t\t\t\t\t\t\t<i aria-hidden=\"true\" class=\"jki jki-chevrons-right-line\"><\/i>\t\t\t\t\t\t<\/span>\n\t\t\t\t\t\t\t\t\t\t<span class=\"elementor-icon-list-text\">Rechtlicher Hinweis<\/span>\n\t\t\t\t\t\t\t\t\t<\/li>\n\t\t\t\t\t\t<\/ul>\n\t\t\t\t\t\t<\/div>\n\t\t\t\t<\/div>\n\t\t\t\t\t<\/div>\n\t\t<\/div>\n\t\t\t\t\t<\/div>\n\t\t<\/section>\n\t\t\t\t<section class=\"elementor-section elementor-top-section elementor-element elementor-element-55b1b35 elementor-section-boxed elementor-section-height-default elementor-section-height-default\" data-id=\"55b1b35\" data-element_type=\"section\" data-e-type=\"section\">\n\t\t\t\t\t\t<div class=\"elementor-container elementor-column-gap-default\">\n\t\t\t\t\t<div class=\"elementor-column elementor-col-100 elementor-top-column elementor-element elementor-element-e1663a7\" data-id=\"e1663a7\" data-element_type=\"column\" data-e-type=\"column\">\n\t\t\t<div class=\"elementor-widget-wrap elementor-element-populated\">\n\t\t\t\t\t\t<div class=\"elementor-element elementor-element-eac9dfe elementor-widget elementor-widget-text-editor\" data-id=\"eac9dfe\" data-element_type=\"widget\" data-e-type=\"widget\" data-widget_type=\"text-editor.default\">\n\t\t\t\t<div class=\"elementor-widget-container\">\n\t\t\t\t\t\t\t\t\t<p>IDENTIFIKATIONSDATEN DES EIGENT\u00dcMERS DER WEBSITE<br \/>In Erf\u00fcllung der Informationspflicht gem\u00e4\u00df Artikel 10 des Gesetzes 34\/2002 vom 11. Juli 2002 \u00fcber die Dienste der Informationsgesellschaft und den elektronischen Handel, Autocares Diego Moral S.L., CIF B29719622, im Folgenden Bus Costa del Sol, in seiner Eigenschaft als Inhaber der Website buscostadelsol.com, mit Adresse in der Calle Antonio de Nebrija, 20, PLZ 29620 Torremolinos, M\u00e1laga, E-Mail-Adresse trafico@buscostadelsol.com und Telefon +34952372233, die vorliegenden Informationen mitzuteilen, die die Nutzungsbedingungen dieser Seite, die Haftungsbeschr\u00e4nkungen und die Verpflichtungen, die die Nutzer der unter dem Domainnamen buscostadelsol.com ver\u00f6ffentlichten Website \u00fcbernehmen und sich verpflichten, zu respektieren, entsprechen und regeln.<\/p><p>EINSATZBEDINGUNGEN<br \/>Die Nutzung von buscostadelsol.com gew\u00e4hrt die Bedingung des Benutzers von buscostadelsol.com, entweder nat\u00fcrliche oder juristische Person und impliziert notwendigerweise die volle, vollst\u00e4ndige und vorbehaltlose Annahme aller und jeder der Klauseln und allgemeinen Bedingungen, die in den rechtlichen Hinweisen enthalten sind. Wenn der Benutzer nicht mit den Klauseln und Nutzungsbedingungen des vorliegenden rechtlichen Hinweises einverstanden ist, muss er\/sie auf die Nutzung von buscostadelsol.com verzichten. Der vorliegende Rechtliche Hinweis unterliegt \u00c4nderungen und Aktualisierungen, weshalb die von Bus Costa del Sol ver\u00f6ffentlichte Version bei jedem Zugriff des Benutzers auf das Portal unterschiedlich sein kann. Aus diesem Grund muss der Benutzer den Rechtlichen Hinweis jedes Mal lesen, wenn er auf buscostadelsol.com zugreift.<\/p><p>\u00dcber buscostadelsol.com erm\u00f6glicht Bus Costa del Sol dem Benutzer den Zugang zu und die Nutzung von verschiedenen Inhalten, die von Bus Costa del Sol oder autorisierten Dritten im Internet ver\u00f6ffentlicht werden.<\/p><p>Der Benutzer ist verpflichtet und verpflichtet sich, buscostadelsol.com und die Inhalte in \u00dcbereinstimmung mit der geltenden Gesetzgebung, den rechtlichen Hinweisen und allen anderen Hinweisen oder Anweisungen, die ihm entweder durch diesen rechtlichen Hinweis oder an einer anderen Stelle innerhalb der Inhalte, die buscostadelsol.com bilden, wie die Regeln des Zusammenlebens, der Moral und der allgemein anerkannten guten Sitten, zu verwenden. In diesem Sinne stimmt der Benutzer zu und verpflichtet sich, KEINE der Inhalte f\u00fcr unerlaubte Zwecke oder Wirkungen zu verwenden, die im rechtlichen Hinweis oder durch die geltende Gesetzgebung verboten sind, die den Rechten und Interessen Dritter schaden oder die in irgendeiner Weise die normale Nutzung der Inhalte, der Computerausr\u00fcstung oder der Dokumente, Dateien und aller Arten von Inhalten, die in einer Computerausr\u00fcstung gespeichert sind, die Eigentum von Bus Costa del Sol, eines anderen BENUTZERS oder eines anderen Internetbenutzers (Hardware und Software) ist, besch\u00e4digen, unbrauchbar machen, \u00fcberlasten, verschlechtern oder behindern k\u00f6nnen.<\/p><p>Der Benutzer stimmt zu und verpflichtet sich, keine Art von Material, das in buscostadelsol.com enthalten ist, zu \u00fcbertragen, zu verbreiten oder Dritten zur Verf\u00fcgung zu stellen, wie z.B. Informationen, Texte, Daten, Inhalte, Nachrichten, Grafiken, Zeichnungen, Ton- und\/oder Bilddateien, Fotografien, Aufnahmen, Software, Logos, Marken, Icons, Technologie, Fotografien, Software, Links, grafisches Design und Quellcodes, oder jedes andere Material, zu dem er als Benutzer von buscostadelsol.com Zugang hat, ohne dass diese Aufz\u00e4hlung ersch\u00f6pfend ist. In \u00dcbereinstimmung mit dem Vorstehenden darf der Benutzer auch nicht:<\/p><p>den Inhalt zu vervielf\u00e4ltigen, zu kopieren, zu verbreiten, zur Verf\u00fcgung zu stellen oder auf andere Weise \u00f6ffentlich zu kommunizieren, umzuwandeln oder zu ver\u00e4ndern, es sei denn, Sie haben die ausdr\u00fcckliche schriftliche Genehmigung von Bus Costa del Sol, dem Inhaber der entsprechenden Rechte, oder es ist gesetzlich erlaubt.<br \/>das Urheberrecht und andere Daten, die den Rechtsvorbehalt von Bus Costa del Sol oder seinen Eigent\u00fcmern kennzeichnen, die Fingerabdr\u00fccke und\/oder digitalen Identifikatoren, Wasserzeichen oder andere technische Mittel zu ihrer Erkennung zu l\u00f6schen, zu manipulieren oder in irgendeiner Weise zu ver\u00e4ndern.<br \/>Der Benutzer muss es unterlassen, die Inhalte mit anderen Mitteln oder Verfahren zu erhalten oder auch nur zu versuchen, diese zu erhalten, als denjenigen, die zu diesem Zweck zur Verf\u00fcgung gestellt oder auf den Webseiten, auf denen die Inhalte zu finden sind, zu diesem Zweck angegeben wurden, oder allgemein denjenigen, die im Internet \u00fcblicherweise zu diesem Zweck verwendet werden, vorausgesetzt, dass sie nicht das Risiko einer Besch\u00e4digung oder Unbrauchbarmachung von buscostadelsol.com und\/oder der Inhalte mit sich bringen.<\/p><p>GEISTIGES EIGENTUM<br \/>Alle Warenzeichen, Handelsnamen oder Logos jeglicher Art, die auf buscostadelsol.com erscheinen, sind Eigentum von Bus Costa del Sol oder gegebenenfalls ihrer jeweiligen Eigent\u00fcmer, ohne dass dem Benutzer durch die Nutzung des Portals und\/oder der Inhalte irgendwelche Rechte an den genannten Warenzeichen, Handelsnamen und\/oder Logos zustehen, und ohne dass dem Benutzer irgendwelche Nutzungsrechte, die an diesen Inhalten bestehen oder bestehen k\u00f6nnten, \u00fcbertragen wurden. Ebenso sind die Inhalte geistiges Eigentum von Bus Costa del Sol oder gegebenenfalls von Dritten, so dass die Rechte des geistigen Eigentums Eigentum von Bus Costa del Sol oder von Dritten sind, die ihre Nutzung genehmigt haben, die das ausschlie\u00dfliche Recht haben, sie auf jede Art und Weise zu nutzen und insbesondere die Rechte der Vervielf\u00e4ltigung, Verbreitung, \u00f6ffentlichen Kommunikation und Umwandlung. Die unbefugte Nutzung der in dieser Website enthaltenen Informationen sowie jede Verletzung der geistigen oder gewerblichen Eigentumsrechte von Bus Costa del Sol oder von Dritten, die in buscostadelsol.com enthalten sind und Inhalte zur Verf\u00fcgung gestellt haben, zieht die gesetzlich festgelegten Verantwortlichkeiten nach sich.<\/p><p>VERF\u00dcGBARKEIT VON BUSCOSTADELSOL.COM<br \/>Bus Costa del Sol garantiert nicht, dass es keine Unterbrechungen oder Fehler beim Zugang zu buscostadelsol.com und seinen Inhalten gibt und dass diese auf dem neuesten Stand sind, obwohl Bus Costa del Sol sich nach Kr\u00e4ften bem\u00fcht, diese zu vermeiden, zu korrigieren oder zu aktualisieren. Infolgedessen haftet Bus Costa del Sol nicht f\u00fcr Sch\u00e4den jeglicher Art, die dem Benutzer infolge von St\u00f6rungen oder Unterbrechungen der Telekommunikationsnetze entstehen, die zur Aussetzung, Annullierung oder Unterbrechung des Portaldienstes w\u00e4hrend oder vor der Bereitstellung desselben f\u00fchren.<\/p><p>Bus Costa del Sol schlie\u00dft, mit den in der geltenden Gesetzgebung vorgesehenen Ausnahmen, jegliche Haftung f\u00fcr Sch\u00e4den jeglicher Art aus, die auf die mangelnde Verf\u00fcgbarkeit, Kontinuit\u00e4t oder Qualit\u00e4t des Betriebs von buscostadelsol.com und des Inhalts, die Nichterf\u00fcllung der N\u00fctzlichkeitserwartung, die der BENUTZER buscostadelsol.com und dem Inhalt zugeschrieben haben k\u00f6nnte, zur\u00fcckzuf\u00fchren sind.<\/p><p>Die Funktion der Hyperlinks, die auf dieser Website erscheinen, besteht ausschlie\u00dflich darin, den Nutzer \u00fcber die Existenz anderer Websites zu informieren, die Informationen zu diesem Thema enthalten. Diese Hyperlinks stellen keinerlei Anregung oder Empfehlung dar.<\/p><p>Bus Costa del Sol haftet nicht f\u00fcr den Inhalt dieser verlinkten Seiten, die Funktionsweise oder N\u00fctzlichkeit der Hyperlinks oder das Ergebnis dieser Links und garantiert auch nicht die Abwesenheit von Viren oder anderen Elementen, die Ver\u00e4nderungen im Computersystem (Hardware und Software), in den Dokumenten oder Dateien des Benutzers verursachen k\u00f6nnen, und schlie\u00dft jegliche Haftung f\u00fcr Sch\u00e4den jeglicher Art aus, die dem Benutzer aus diesem Grund entstehen.<\/p><p>Der Zugang zu buscostadelsol.com impliziert keine Verpflichtung seitens Bus Costa del Sol, die Abwesenheit von Viren, W\u00fcrmern oder anderen sch\u00e4dlichen Computerelementen zu kontrollieren. Es liegt in jedem Fall in der Verantwortung des Benutzers, die Verf\u00fcgbarkeit von geeigneten Werkzeugen f\u00fcr die Erkennung und Desinfektion von sch\u00e4dlichen Computerprogrammen, daher ist Bus Costa del Sol nicht verantwortlich f\u00fcr etwaige Sicherheitsfehler, die w\u00e4hrend der Bereitstellung des Dienstes buscostadelsol.com Service auftreten k\u00f6nnen, noch f\u00fcr eventuelle Sch\u00e4den, die am Computersystem des Benutzers oder Dritter (Hardware und Software), an den darin gespeicherten Dateien oder Dokumenten infolge des Vorhandenseins eines Virus im Computer des Benutzers, der f\u00fcr die Verbindung mit den Dienstleistungen und Inhalten der Website verwendet wird, einer Fehlfunktion des Browsers oder der Verwendung nicht aktualisierter Versionen desselben verursacht werden k\u00f6nnen.<\/p><p>Die Bereitstellung des Dienstes buscostadelsol.com und der Inhalte ist im Prinzip von unbestimmter Dauer. Bus Costa del Sol ist jedoch berechtigt, die Bereitstellung des Dienstes buscostadelsol.com und\/oder der Inhalte jederzeit zu beenden oder auszusetzen. Wann immer dies m\u00f6glich ist, wird Bus Costa del Sol die Beendigung oder Aussetzung von buscostadelsol.com vorher ank\u00fcndigen.<\/p><p>QUALIT\u00c4T VON BUSCOSTADELSOL.COM<br \/>Angesichts der dynamischen und sich ver\u00e4ndernden Umfeld der Informationen und Dienstleistungen, die durch buscostadelsol.com, Bus Costa del Sol macht seine besten Bem\u00fchungen, aber nicht garantieren, die vollst\u00e4ndige Wahrhaftigkeit, Genauigkeit, Zuverl\u00e4ssigkeit, N\u00fctzlichkeit und \/ oder Aktualit\u00e4t der Inhalte. Die Informationen, die in den Seiten, aus denen sich dieses Portal ist nur informativ, beratend, informativ und Werbung. In keinem Fall bieten oder haben sie den Charakter einer verbindlichen oder vertraglichen Verpflichtung.<\/p><p>HAFTUNGSBESCHR\u00c4NKUNG<br \/>Bus Costa del Sol schlie\u00dft jede Verantwortung f\u00fcr die Entscheidungen aus, die der Benutzer auf der Grundlage dieser Informationen trifft, sowie f\u00fcr m\u00f6gliche Druckfehler, die in den Dokumenten und Grafiken von buscostadelsol.com enthalten sein k\u00f6nnen. Die Information unterliegt eventuellen periodischen \u00c4nderungen ohne vorherige Ank\u00fcndigung ihres Inhalts aufgrund von Erweiterungen, Verbesserungen, Korrekturen oder Aktualisierungen des Inhalts.<\/p><p>NACHRICHTEN<br \/>Alle Benachrichtigungen und Mitteilungen von Bus Costa del Sol an den Benutzer, egal auf welchem Wege, gelten f\u00fcr alle Zwecke als wirksam.<\/p><p>JURISDICTION<br \/>F\u00fcr alle Fragen, die sich in Bezug auf die Auslegung, Anwendung und Erf\u00fcllung dieses rechtlichen Hinweises ergeben k\u00f6nnen, sowie f\u00fcr alle Anspr\u00fcche, die sich aus seiner Nutzung ergeben k\u00f6nnen, unterwerfen sich alle beteiligten Parteien den Gerichten der Provinz M\u00e1laga und verzichten ausdr\u00fccklich auf jede andere Zust\u00e4ndigkeit, die ihnen zustehen k\u00f6nnte.<\/p><p>ANWENDBARES RECHT<br \/>Der vorliegende rechtliche Hinweis unterliegt der geltenden spanischen Gesetzgebung.<\/p>\t\t\t\t\t\t\t\t<\/div>\n\t\t\t\t<\/div>\n\t\t\t\t\t<\/div>\n\t\t<\/div>\n\t\t\t\t\t<\/div>\n\t\t<\/section>\n\t\t\t\t<\/div>","protected":false},"excerpt":{"rendered":"<p>Aviso Legal Inicio Aviso Legal DATOS IDENTIFICATIVOS DEL TITULAR DEL SITIO WEBEn cumplimiento del deber de informaci\u00f3n estipulado en el art\u00edculo 10 de la Ley 34\/2002 de 11 de julio de Servicios de la Sociedad de la Informaci\u00f3n y de Comercio Electr\u00f3nico, Autocares Diego Moral S.L., con CIF B29719622, en adelante Bus Costa del Sol, [&hellip;]<\/p>\n","protected":false},"author":1,"featured_media":0,"parent":0,"menu_order":0,"comment_status":"closed","ping_status":"closed","template":"","meta":{"om_disable_all_campaigns":false,"_monsterinsights_skip_tracking":false,"_monsterinsights_sitenote_active":false,"_monsterinsights_sitenote_note":"","_monsterinsights_sitenote_category":0,"footnotes":""},"class_list":["post-2342","page","type-page","status-publish","hentry"],"_links":{"self":[{"href":"https:\/\/buscostadelsol.com\/de\/wp-json\/wp\/v2\/pages\/2342","targetHints":{"allow":["GET"]}}],"collection":[{"href":"https:\/\/buscostadelsol.com\/de\/wp-json\/wp\/v2\/pages"}],"about":[{"href":"https:\/\/buscostadelsol.com\/de\/wp-json\/wp\/v2\/types\/page"}],"author":[{"embeddable":true,"href":"https:\/\/buscostadelsol.com\/de\/wp-json\/wp\/v2\/users\/1"}],"replies":[{"embeddable":true,"href":"https:\/\/buscostadelsol.com\/de\/wp-json\/wp\/v2\/comments?post=2342"}],"version-history":[{"count":5,"href":"https:\/\/buscostadelsol.com\/de\/wp-json\/wp\/v2\/pages\/2342\/revisions"}],"predecessor-version":[{"id":4353,"href":"https:\/\/buscostadelsol.com\/de\/wp-json\/wp\/v2\/pages\/2342\/revisions\/4353"}],"wp:attachment":[{"href":"https:\/\/buscostadelsol.com\/de\/wp-json\/wp\/v2\/media?parent=2342"}],"curies":[{"name":"wp","href":"https:\/\/api.w.org\/{rel}","templated":true}]}}