{"id":2347,"date":"2023-01-05T09:01:22","date_gmt":"2023-01-05T09:01:22","guid":{"rendered":"https:\/\/buscostadelsol.com\/?page_id=2347"},"modified":"2023-07-18T06:01:05","modified_gmt":"2023-07-18T06:01:05","slug":"datenschutzpolitik","status":"publish","type":"page","link":"https:\/\/buscostadelsol.com\/de\/politica-de-privacidad\/","title":{"rendered":"Datenschutzbestimmungen"},"content":{"rendered":"<div data-elementor-type=\"wp-page\" data-elementor-id=\"2347\" class=\"elementor elementor-2347\" data-elementor-post-type=\"page\">\n\t\t\t\t\t\t<section class=\"elementor-section elementor-top-section elementor-element elementor-element-2af955d elementor-section-boxed elementor-section-height-default elementor-section-height-default\" data-id=\"2af955d\" data-element_type=\"section\" data-e-type=\"section\" data-settings=\"{&quot;background_background&quot;:&quot;classic&quot;}\">\n\t\t\t\t\t\t\t<div class=\"elementor-background-overlay\"><\/div>\n\t\t\t\t\t\t\t<div class=\"elementor-container elementor-column-gap-default\">\n\t\t\t\t\t<div class=\"elementor-column elementor-col-50 elementor-top-column elementor-element elementor-element-25bdfb3\" data-id=\"25bdfb3\" data-element_type=\"column\" data-e-type=\"column\">\n\t\t\t<div class=\"elementor-widget-wrap elementor-element-populated\">\n\t\t\t\t\t\t<div class=\"elementor-element elementor-element-b766fb7 elementor-widget elementor-widget-heading\" data-id=\"b766fb7\" data-element_type=\"widget\" data-e-type=\"widget\" data-widget_type=\"heading.default\">\n\t\t\t\t<div class=\"elementor-widget-container\">\n\t\t\t\t\t<h2 class=\"elementor-heading-title elementor-size-default\">Datenschutzbestimmungen<\/h2>\t\t\t\t<\/div>\n\t\t\t\t<\/div>\n\t\t\t\t\t<\/div>\n\t\t<\/div>\n\t\t\t\t<div class=\"elementor-column elementor-col-50 elementor-top-column elementor-element elementor-element-d7e6928\" data-id=\"d7e6928\" data-element_type=\"column\" data-e-type=\"column\">\n\t\t\t<div class=\"elementor-widget-wrap elementor-element-populated\">\n\t\t\t\t\t\t<div class=\"elementor-element elementor-element-a9cbe19 elementor-icon-list--layout-inline elementor-align-end elementor-mobile-align-center elementor-list-item-link-full_width elementor-widget elementor-widget-icon-list\" data-id=\"a9cbe19\" data-element_type=\"widget\" data-e-type=\"widget\" data-widget_type=\"icon-list.default\">\n\t\t\t\t<div class=\"elementor-widget-container\">\n\t\t\t\t\t\t\t<ul class=\"elementor-icon-list-items elementor-inline-items\">\n\t\t\t\t\t\t\t<li class=\"elementor-icon-list-item elementor-inline-item\">\n\t\t\t\t\t\t\t\t\t\t\t<a href=\"https:\/\/buscostadelsol.com\/de\">\n\n\t\t\t\t\t\t\t\t\t\t\t<span class=\"elementor-icon-list-text\">Startseite<\/span>\n\t\t\t\t\t\t\t\t\t\t\t<\/a>\n\t\t\t\t\t\t\t\t\t<\/li>\n\t\t\t\t\t\t\t\t<li class=\"elementor-icon-list-item elementor-inline-item\">\n\t\t\t\t\t\t\t\t\t\t\t<span class=\"elementor-icon-list-icon\">\n\t\t\t\t\t\t\t<i aria-hidden=\"true\" class=\"jki jki-chevrons-right-line\"><\/i>\t\t\t\t\t\t<\/span>\n\t\t\t\t\t\t\t\t\t\t<span class=\"elementor-icon-list-text\">Datenschutzbestimmungen<\/span>\n\t\t\t\t\t\t\t\t\t<\/li>\n\t\t\t\t\t\t<\/ul>\n\t\t\t\t\t\t<\/div>\n\t\t\t\t<\/div>\n\t\t\t\t\t<\/div>\n\t\t<\/div>\n\t\t\t\t\t<\/div>\n\t\t<\/section>\n\t\t\t\t<section class=\"elementor-section elementor-top-section elementor-element elementor-element-ddaf4f5 elementor-section-boxed elementor-section-height-default elementor-section-height-default\" data-id=\"ddaf4f5\" data-element_type=\"section\" data-e-type=\"section\">\n\t\t\t\t\t\t<div class=\"elementor-container elementor-column-gap-default\">\n\t\t\t\t\t<div class=\"elementor-column elementor-col-100 elementor-top-column elementor-element elementor-element-af1197b\" data-id=\"af1197b\" data-element_type=\"column\" data-e-type=\"column\">\n\t\t\t<div class=\"elementor-widget-wrap elementor-element-populated\">\n\t\t\t\t\t\t<div class=\"elementor-element elementor-element-715d8d6 elementor-widget elementor-widget-text-editor\" data-id=\"715d8d6\" data-element_type=\"widget\" data-e-type=\"widget\" data-widget_type=\"text-editor.default\">\n\t\t\t\t<div class=\"elementor-widget-container\">\n\t\t\t\t\t\t\t\t\t<h3>EINF\u00dcHRUNG<\/h3><p>Bus Costa del Sol ist sensibel f\u00fcr die Bed\u00fcrfnisse der Internetnutzer und ist sich der Bedeutung der strikten Vertraulichkeit der uns anvertrauten pers\u00f6nlichen Daten bewusst. Deshalb f\u00fcgen wir diese Datenschutzerkl\u00e4rung bei, damit Sie sich \u00fcber die Politik im Umgang mit den pers\u00f6nlichen Daten unserer Besucher und Nutzer informieren k\u00f6nnen.<\/p><p>Als Nutzer akzeptieren Sie diese Bedingungen durch die blo\u00dfe Tatsache, dass Sie die Website lesen, ansehen oder durchsuchen. Wenn Sie sie nicht akzeptieren, m\u00fcssen Sie die Website verlassen, ohne sie und ihren Inhalt zu nutzen und ohne auf die verlinkten Seiten zuzugreifen.<\/p><h3 id=\"responsable\">DATENVERANTWORTLICHER<\/h3><p>Der Inhaber der Website und verantwortlich f\u00fcr die Datenverarbeitung ist Autocares Diego Moral S.L., mit CIF B29719622, zu kontaktieren k\u00f6nnen Sie die E-Mail-Adresse verwenden <a href=\"mailto:info@buscostadelsol.com\">info@buscostadelsol.com<\/a>das Telefon\u00a0<a title=\"Telefon\" href=\"tel:+34952372233\">+34952372233<\/a>\u00a0oder per Post an Calle Antonio de Nebrija, 20, Postleitzahl 29620 Torremolinos, Malaga.<\/p><h3 id=\"finalidad\">ZWECK DER DATENVERARBEITUNG<\/h3><p>Auf unseren Websites gibt es spezielle Rubriken, in die Sie Ihre Daten eingeben k\u00f6nnen, um Informationen \u00fcber Aktualisierungen unserer Website und einige der angebotenen Programme zu erhalten. Wir versichern Ihnen, dass die von Ihnen angegebenen Informationen streng vertraulich behandelt werden.<\/p><p>Kontaktformular: Informationen oder Anfragen zu den angebotenen Dienstleistungen.<\/p><p>Die Daten werden so lange gespeichert, wie sie f\u00fcr den Zweck, f\u00fcr den sie erhoben wurden, verwendet werden sollen.<\/p><p>Es werden keine automatisierten Entscheidungen mit Ihren Daten getroffen.<\/p><p>Die Website kann Cookies verwenden, siehe unsere\u00a0<a href=\"https:\/\/buscostadelsol.com\/de\/cookies\/\">Cookie-Richtlinie<\/a>.<\/p><h3 id=\"legitimacion\">LEGITIMIERUNG DER DATENVERARBEITUNG<\/h3><p>Ihre Daten werden verwendet, weil Sie uns Ihr Einverst\u00e4ndnis geben, die Daten, die Sie in den Formularen angeben, f\u00fcr einen bestimmten, auf jedem Formular angegebenen Zweck zu verwenden. Ihre Daten sind nur f\u00fcr die spezifischen Verwendungszwecke erforderlich, f\u00fcr die sie angefordert werden; wenn Sie sie nicht bereitstellen, sind diese Dienste nicht m\u00f6glich.<\/p><h3 id=\"transferencia\">\u00dcBERTRAGUNGEN UND ZUWEISUNGEN VON DATEN<\/h3><p>Wir verpflichten uns, die Daten, die Sie Bus Costa del Sol zur Verf\u00fcgung stellen, nicht an Dritte zu verkaufen oder weiterzugeben, es sei denn, es liegt eine ausdr\u00fcckliche Zustimmung oder eine gesetzliche Verpflichtung vor.<\/p><p>Unsere Website enth\u00e4lt Links zu Websites von Dritten. Bus Costa del Sol ist nicht verantwortlich f\u00fcr die Datenschutzrichtlinien und -praktiken dieser anderen Websites.<\/p><h3 id=\"derechos\">RECHTE DER BETROFFENEN PARTEIEN<\/h3><p>Sie haben das Recht, auf die \u00fcber Sie in unseren Datenbanken gespeicherten Daten zuzugreifen, sie im Falle von Fehlern zu berichtigen, zu l\u00f6schen, einzuschr\u00e4nken, der Verarbeitung zu widersprechen und Ihre Zustimmung zu widerrufen, wenn Sie dies w\u00fcnschen. Schreiben Sie dazu einfach eine E-Mail an die folgende E-Mail Adresse <a href=\"mailto:info@buscostadelsol.com\">info@buscostadelsol.com<\/a> Dort beantworten wir gerne Ihre Fragen, Kommentare und Erl\u00e4uterungen.<\/p><p>Weitere Informationen zu verwandten Themen finden Sie im spanischen Internet auf der Website\u00a0<a href=\"https:\/\/www.agpd.es\/\" target=\"_blank\" rel=\"noopener\">Agentur f\u00fcr Datenschutz<\/a>wo Sie das Recht haben, sich zu beschweren.<\/p>\t\t\t\t\t\t\t\t<\/div>\n\t\t\t\t<\/div>\n\t\t\t\t\t<\/div>\n\t\t<\/div>\n\t\t\t\t\t<\/div>\n\t\t<\/section>\n\t\t\t\t<\/div>","protected":false},"excerpt":{"rendered":"<p>Pol\u00edtica de Privacidad Inicio Pol\u00edtica de Privacidad INTRODUCCI\u00d3N En Bus Costa del Sol, sensibilizados con las necesidades de los usuarios de Internet y conscientes de la importancia de la rigurosa privacidad de la informaci\u00f3n personal que nos conf\u00edan, incluimos esta declaraci\u00f3n de privacidad con el objeto de que seas consciente de la pol\u00edtica en el [&hellip;]<\/p>\n","protected":false},"author":1,"featured_media":0,"parent":0,"menu_order":0,"comment_status":"closed","ping_status":"closed","template":"","meta":{"om_disable_all_campaigns":false,"_monsterinsights_skip_tracking":false,"_monsterinsights_sitenote_active":false,"_monsterinsights_sitenote_note":"","_monsterinsights_sitenote_category":0,"footnotes":""},"class_list":["post-2347","page","type-page","status-publish","hentry"],"_links":{"self":[{"href":"https:\/\/buscostadelsol.com\/de\/wp-json\/wp\/v2\/pages\/2347","targetHints":{"allow":["GET"]}}],"collection":[{"href":"https:\/\/buscostadelsol.com\/de\/wp-json\/wp\/v2\/pages"}],"about":[{"href":"https:\/\/buscostadelsol.com\/de\/wp-json\/wp\/v2\/types\/page"}],"author":[{"embeddable":true,"href":"https:\/\/buscostadelsol.com\/de\/wp-json\/wp\/v2\/users\/1"}],"replies":[{"embeddable":true,"href":"https:\/\/buscostadelsol.com\/de\/wp-json\/wp\/v2\/comments?post=2347"}],"version-history":[{"count":16,"href":"https:\/\/buscostadelsol.com\/de\/wp-json\/wp\/v2\/pages\/2347\/revisions"}],"predecessor-version":[{"id":2757,"href":"https:\/\/buscostadelsol.com\/de\/wp-json\/wp\/v2\/pages\/2347\/revisions\/2757"}],"wp:attachment":[{"href":"https:\/\/buscostadelsol.com\/de\/wp-json\/wp\/v2\/media?parent=2347"}],"curies":[{"name":"wp","href":"https:\/\/api.w.org\/{rel}","templated":true}]}}