{"id":2347,"date":"2023-01-05T09:01:22","date_gmt":"2023-01-05T09:01:22","guid":{"rendered":"https:\/\/buscostadelsol.com\/?page_id=2347"},"modified":"2023-07-18T06:01:05","modified_gmt":"2023-07-18T06:01:05","slug":"privacy-policy","status":"publish","type":"page","link":"https:\/\/buscostadelsol.com\/en\/politica-de-privacidad\/","title":{"rendered":"Privacy policy"},"content":{"rendered":"<div data-elementor-type=\"wp-page\" data-elementor-id=\"2347\" class=\"elementor elementor-2347\" data-elementor-post-type=\"page\">\n\t\t\t\t\t\t<section class=\"elementor-section elementor-top-section elementor-element elementor-element-2af955d elementor-section-boxed elementor-section-height-default elementor-section-height-default\" data-id=\"2af955d\" data-element_type=\"section\" data-e-type=\"section\" data-settings=\"{&quot;background_background&quot;:&quot;classic&quot;}\">\n\t\t\t\t\t\t\t<div class=\"elementor-background-overlay\"><\/div>\n\t\t\t\t\t\t\t<div class=\"elementor-container elementor-column-gap-default\">\n\t\t\t\t\t<div class=\"elementor-column elementor-col-50 elementor-top-column elementor-element elementor-element-25bdfb3\" data-id=\"25bdfb3\" data-element_type=\"column\" data-e-type=\"column\">\n\t\t\t<div class=\"elementor-widget-wrap elementor-element-populated\">\n\t\t\t\t\t\t<div class=\"elementor-element elementor-element-b766fb7 elementor-widget elementor-widget-heading\" data-id=\"b766fb7\" data-element_type=\"widget\" data-e-type=\"widget\" data-widget_type=\"heading.default\">\n\t\t\t\t<div class=\"elementor-widget-container\">\n\t\t\t\t\t<h2 class=\"elementor-heading-title elementor-size-default\">Privacy Policy<\/h2>\t\t\t\t<\/div>\n\t\t\t\t<\/div>\n\t\t\t\t\t<\/div>\n\t\t<\/div>\n\t\t\t\t<div class=\"elementor-column elementor-col-50 elementor-top-column elementor-element elementor-element-d7e6928\" data-id=\"d7e6928\" data-element_type=\"column\" data-e-type=\"column\">\n\t\t\t<div class=\"elementor-widget-wrap elementor-element-populated\">\n\t\t\t\t\t\t<div class=\"elementor-element elementor-element-a9cbe19 elementor-icon-list--layout-inline elementor-align-end elementor-mobile-align-center elementor-list-item-link-full_width elementor-widget elementor-widget-icon-list\" data-id=\"a9cbe19\" data-element_type=\"widget\" data-e-type=\"widget\" data-widget_type=\"icon-list.default\">\n\t\t\t\t<div class=\"elementor-widget-container\">\n\t\t\t\t\t\t\t<ul class=\"elementor-icon-list-items elementor-inline-items\">\n\t\t\t\t\t\t\t<li class=\"elementor-icon-list-item elementor-inline-item\">\n\t\t\t\t\t\t\t\t\t\t\t<a href=\"https:\/\/buscostadelsol.com\/en\">\n\n\t\t\t\t\t\t\t\t\t\t\t<span class=\"elementor-icon-list-text\">Home<\/span>\n\t\t\t\t\t\t\t\t\t\t\t<\/a>\n\t\t\t\t\t\t\t\t\t<\/li>\n\t\t\t\t\t\t\t\t<li class=\"elementor-icon-list-item elementor-inline-item\">\n\t\t\t\t\t\t\t\t\t\t\t<span class=\"elementor-icon-list-icon\">\n\t\t\t\t\t\t\t<i aria-hidden=\"true\" class=\"jki jki-chevrons-right-line\"><\/i>\t\t\t\t\t\t<\/span>\n\t\t\t\t\t\t\t\t\t\t<span class=\"elementor-icon-list-text\">Privacy Policy<\/span>\n\t\t\t\t\t\t\t\t\t<\/li>\n\t\t\t\t\t\t<\/ul>\n\t\t\t\t\t\t<\/div>\n\t\t\t\t<\/div>\n\t\t\t\t\t<\/div>\n\t\t<\/div>\n\t\t\t\t\t<\/div>\n\t\t<\/section>\n\t\t\t\t<section class=\"elementor-section elementor-top-section elementor-element elementor-element-ddaf4f5 elementor-section-boxed elementor-section-height-default elementor-section-height-default\" data-id=\"ddaf4f5\" data-element_type=\"section\" data-e-type=\"section\">\n\t\t\t\t\t\t<div class=\"elementor-container elementor-column-gap-default\">\n\t\t\t\t\t<div class=\"elementor-column elementor-col-100 elementor-top-column elementor-element elementor-element-af1197b\" data-id=\"af1197b\" data-element_type=\"column\" data-e-type=\"column\">\n\t\t\t<div class=\"elementor-widget-wrap elementor-element-populated\">\n\t\t\t\t\t\t<div class=\"elementor-element elementor-element-715d8d6 elementor-widget elementor-widget-text-editor\" data-id=\"715d8d6\" data-element_type=\"widget\" data-e-type=\"widget\" data-widget_type=\"text-editor.default\">\n\t\t\t\t<div class=\"elementor-widget-container\">\n\t\t\t\t\t\t\t\t\t<h3>INTRODUCTION<\/h3><p>At Bus Costa del Sol, sensitive to the needs of Internet users and aware of the importance of the strict privacy of the personal information entrusted to us, we include this privacy statement so that you are aware of the policy on the treatment of personal data obtained from its visitors and users.<\/p><p>As a user, you accept these conditions by the mere fact of reading, viewing or browsing the site. If you do not accept them, you must leave the site, without making any use of it and its content, and without accessing the linked pages.<\/p><h3 id=\"responsable\">DATA CONTROLLER<\/h3><p>The owner of the site and responsible for data processing is Autocares Diego Moral S.L., with CIF B29719622, to contact you can use the email address <a href=\"mailto:info@buscostadelsol.com\">info@buscostadelsol.com<\/a>the telephone\u00a0<a title=\"phone\" href=\"tel:+34952372233\">+34952372233<\/a>\u00a0or by post to Calle Antonio de Nebrija, 20, postal code 29620 Torremolinos, Malaga.<\/p><h3 id=\"finalidad\">PURPOSE OF DATA PROCESSING<\/h3><p>On our websites, there are specific sections where you can enter your details to receive information about updates to our website and some of the programmes that are distributed. We assure you that the information you provide will be handled in the strictest confidence.<\/p><p>Contact form: Information or enquiry about the services offered.<\/p><p>The data will be stored for as long as it is intended to be used for the purpose for which it was collected.<\/p><p>No automated decisions are made with your data.<\/p><p>The website may use cookies, see our\u00a0<a href=\"https:\/\/buscostadelsol.com\/en\/cookies\/\">cookies policy<\/a>.<\/p><h3 id=\"legitimacion\">LEGITIMISATION OF DATA PROCESSING<\/h3><p>Your data is used because you give us your consent to use the data you provide on the forms for a specific use indicated on each form. Your data are only necessary for the specific uses for which they are requested, if you do not provide them, these services are not possible.<\/p><h3 id=\"transferencia\">TRANSFERS AND ASSIGNMENTS OF DATA<\/h3><p>There is a firm commitment on our part that the data you provide to Bus Costa del Sol will not be sold or transferred to third parties without the prior consent of the interested party under any concept or circumstance, except with express consent or legal obligation.<\/p><p>Our website contains links to third party websites. Bus Costa del Sol is not responsible for the privacy policies and practices of these other sites.<\/p><h3 id=\"derechos\">RIGHTS OF INTERESTED PARTIES<\/h3><p>You have the right to access the information about you stored in our databases, rectify it if there are any errors, delete it, limit it, oppose its processing and withdraw your consent if you wish to do so. To do so, simply send an e-mail to the following address <a href=\"mailto:info@buscostadelsol.com\">info@buscostadelsol.com<\/a> where we will be happy to answer any questions, comments or clarifications you may have.<\/p><p>For more information on related topics, the reference site on the Spanish web is the\u00a0<a href=\"https:\/\/www.agpd.es\/\" target=\"_blank\" rel=\"noopener\">Data Protection Agency<\/a>where you have the right to complain.<\/p>\t\t\t\t\t\t\t\t<\/div>\n\t\t\t\t<\/div>\n\t\t\t\t\t<\/div>\n\t\t<\/div>\n\t\t\t\t\t<\/div>\n\t\t<\/section>\n\t\t\t\t<\/div>","protected":false},"excerpt":{"rendered":"<p>Pol\u00edtica de Privacidad Inicio Pol\u00edtica de Privacidad INTRODUCCI\u00d3N En Bus Costa del Sol, sensibilizados con las necesidades de los usuarios de Internet y conscientes de la importancia de la rigurosa privacidad de la informaci\u00f3n personal que nos conf\u00edan, incluimos esta declaraci\u00f3n de privacidad con el objeto de que seas consciente de la pol\u00edtica en el [&hellip;]<\/p>\n","protected":false},"author":1,"featured_media":0,"parent":0,"menu_order":0,"comment_status":"closed","ping_status":"closed","template":"","meta":{"om_disable_all_campaigns":false,"_monsterinsights_skip_tracking":false,"_monsterinsights_sitenote_active":false,"_monsterinsights_sitenote_note":"","_monsterinsights_sitenote_category":0,"footnotes":""},"class_list":["post-2347","page","type-page","status-publish","hentry"],"_links":{"self":[{"href":"https:\/\/buscostadelsol.com\/en\/wp-json\/wp\/v2\/pages\/2347","targetHints":{"allow":["GET"]}}],"collection":[{"href":"https:\/\/buscostadelsol.com\/en\/wp-json\/wp\/v2\/pages"}],"about":[{"href":"https:\/\/buscostadelsol.com\/en\/wp-json\/wp\/v2\/types\/page"}],"author":[{"embeddable":true,"href":"https:\/\/buscostadelsol.com\/en\/wp-json\/wp\/v2\/users\/1"}],"replies":[{"embeddable":true,"href":"https:\/\/buscostadelsol.com\/en\/wp-json\/wp\/v2\/comments?post=2347"}],"version-history":[{"count":16,"href":"https:\/\/buscostadelsol.com\/en\/wp-json\/wp\/v2\/pages\/2347\/revisions"}],"predecessor-version":[{"id":2757,"href":"https:\/\/buscostadelsol.com\/en\/wp-json\/wp\/v2\/pages\/2347\/revisions\/2757"}],"wp:attachment":[{"href":"https:\/\/buscostadelsol.com\/en\/wp-json\/wp\/v2\/media?parent=2347"}],"curies":[{"name":"wp","href":"https:\/\/api.w.org\/{rel}","templated":true}]}}